{"id":1126,"date":"2011-01-29T11:03:15","date_gmt":"2011-01-29T11:03:15","guid":{"rendered":"http:\/\/localhost\/unleashed\/?page_id=1126"},"modified":"2011-02-01T13:50:47","modified_gmt":"2011-02-01T13:50:47","slug":"impressum","status":"publish","type":"page","link":"https:\/\/www.unleashed-pb.de\/wordpress\/?page_id=1126","title":{"rendered":"Impressum"},"content":{"rendered":"<p><strong><\/strong>Die auf diesen Seiten publizierten Informationen sind Eigentum des  Paintballclub Bieselsberg e.V. oder dessen Partner. Das Kopieren der  Inhalte ben\u00f6tigt die Zustimmung der Vorstandschaft.<br \/>\nInhaltlich Verantwortlicher gem\u00e4\u00df \u00a7 10 Absatz 3 MDStV sowie \u00a7 6 TDG: Dennis Schwan (Anschrift wie unten)<\/p>\n<p><strong>Domaininhaber und Admin C:<\/strong><br \/>\nDennis Schwan (Anschrift wie unten)<br \/>\nAnschrift:<br \/>\nDennis Schwan<br \/>\nLiebenzellerstr. 38<br \/>\n75328 Sch\u00f6mberg<br \/>\nTel. 07084-9311932<br \/>\neMail <a href=\"mailto:dennis@unleashed-pb.de\">dennis@unleashed-pb.de<\/a><\/p>\n<p><strong>Webdesign:<\/strong><br \/>\nKonstantin Meier | <a href=\"http:\/\/www.nitnat.de\" target=\"_blank\">www.nitnat.de<\/a><br \/>\npowered by WordPress (Theme by Brandon Jones)<\/p>\n<p><strong>Haftungshinweis:<\/strong><br \/>\nTrotz sorgf\u00e4ltiger inhaltlicher Kontrolle \u00fcbernehmen wir keine Haftung f\u00fcr die Inhalte externer Links.<\/p>\n<p>\u00a9 Copyright Paintballclub Bieselsberg e.V. &#8211; Der Inhalt dieser Seiten  ist urheberrechtlich gesch\u00fctzt. Die Nachrichten sind nur f\u00fcr die  pers\u00f6nliche Information bestimmt. Jede weitergehende Verwendung,  insbesondere die Speicherung in Datenbanken, Ver\u00f6ffentlichung,  Vervielf\u00e4ltigung und jede Form von gewerblicher Nutzung sowie die  Weitergabe an Dritte &#8211; auch in Teilen oder in \u00fcberarbeiteter Form &#8211; ohne  Zustimmung ist untersagt. Besucher dieser Seite erkl\u00e4ren sich mit den  Regeln im Impressum einverstanden, ansonsten haben sie die Seite  unverz\u00fcglich zu verlassen.<\/p>\n<h2>Datenschutz<\/h2>\n<p>Soweit auf unseren Seiten personenbezogene Daten (beispielsweise Name, Anschrift oder eMail-Adressen) erhoben werden, erfolgt dies soweit m\u00f6glich stets auf freiwilliger Basis. Die Nutzung der Angebote und Dienste ist, soweit m\u00f6glich, stets ohne Angabe personenbezogener Daten m\u00f6glich.<\/p>\n<p>Wir weisen darauf hin, dass die Daten\u00fcbertragung im Internet (z.B. bei der Kommunikation per E-Mail) Sicherheitsl\u00fccken aufweisen kann. Ein l\u00fcckenloser Schutz der Daten vor dem Zugriff durch Dritte ist nicht m\u00f6glich.<\/p>\n<p>Der Nutzung von im Rahmen der Impressumspflicht ver\u00f6ffentlichten Kontaktdaten durch Dritte zur \u00dcbersendung von nicht ausdr\u00fccklich angeforderter Werbung und Informationsmaterialien wird hiermit ausdr\u00fccklich widersprochen. Die Betreiber der Seiten behalten sich ausdr\u00fccklich rechtliche Schritte im Falle der unverlangten Zusendung von Werbeinformationen, etwa durch Spam-Mails, vor.<script src=\"http:\/\/connect.facebook.net\/de_DE\/all.js#xfbml=1\"><\/script> <fb:like href=\"https%3A%2F%2Fwww.unleashed-pb.de%2Fwordpress%2F%3Fpage_id%3D1126\" width=\"500\" font=\"arial\" colorscheme=\"dark\" style=\"margin:30px 0px 0px 0px; display:block;\"><\/fb:like><\/p>\n","protected":false},"excerpt":{"rendered":"<p>Die auf diesen Seiten publizierten Informationen sind Eigentum des Paintballclub Bieselsberg e.V. oder dessen Partner. Das Kopieren der Inhalte ben\u00f6tigt die Zustimmung der Vorstandschaft. Inhaltlich Verantwortlicher gem\u00e4\u00df \u00a7 10 Absatz 3 MDStV sowie \u00a7 6 TDG: Dennis Schwan (Anschrift wie unten) Domaininhaber und Admin C: Dennis Schwan (Anschrift wie unten) Anschrift: Dennis Schwan Liebenzellerstr. 38 [&hellip;]<\/p>\n","protected":false},"author":1,"featured_media":0,"parent":0,"menu_order":10,"comment_status":"closed","ping_status":"closed","template":"fullwidth_normal.php","meta":{"footnotes":""},"class_list":["post-1126","page","type-page","status-publish","hentry"],"_links":{"self":[{"href":"https:\/\/www.unleashed-pb.de\/wordpress\/index.php?rest_route=\/wp\/v2\/pages\/1126","targetHints":{"allow":["GET"]}}],"collection":[{"href":"https:\/\/www.unleashed-pb.de\/wordpress\/index.php?rest_route=\/wp\/v2\/pages"}],"about":[{"href":"https:\/\/www.unleashed-pb.de\/wordpress\/index.php?rest_route=\/wp\/v2\/types\/page"}],"author":[{"embeddable":true,"href":"https:\/\/www.unleashed-pb.de\/wordpress\/index.php?rest_route=\/wp\/v2\/users\/1"}],"replies":[{"embeddable":true,"href":"https:\/\/www.unleashed-pb.de\/wordpress\/index.php?rest_route=%2Fwp%2Fv2%2Fcomments&post=1126"}],"version-history":[{"count":10,"href":"https:\/\/www.unleashed-pb.de\/wordpress\/index.php?rest_route=\/wp\/v2\/pages\/1126\/revisions"}],"predecessor-version":[{"id":1220,"href":"https:\/\/www.unleashed-pb.de\/wordpress\/index.php?rest_route=\/wp\/v2\/pages\/1126\/revisions\/1220"}],"wp:attachment":[{"href":"https:\/\/www.unleashed-pb.de\/wordpress\/index.php?rest_route=%2Fwp%2Fv2%2Fmedia&parent=1126"}],"curies":[{"name":"wp","href":"https:\/\/api.w.org\/{rel}","templated":true}]}}