{"id":1123,"date":"2011-01-29T11:00:13","date_gmt":"2011-01-29T11:00:13","guid":{"rendered":"http:\/\/localhost\/unleashed\/?page_id=1123"},"modified":"2012-05-13T15:24:42","modified_gmt":"2012-05-13T15:24:42","slug":"merchandise","status":"publish","type":"page","link":"https:\/\/www.unleashed-pb.de\/wordpress\/?page_id=1123","title":{"rendered":"Merchandise"},"content":{"rendered":"<p>Du m\u00f6chtet gerne zeigen wie viel Dir an uns liegt? Du bist totaler Unleashed-Fan? Du musst dringend Geld los werden?<\/p>\n<p>Du kannst bei uns die folgenden Teile erwerben:<\/p>\n<p><a href='https:\/\/www.unleashed-pb.de\/wordpress\/wp-content\/uploads\/2011\/01\/praesentation-unleashed.pdf'>Merchandise<\/a><\/p>\n<p>Die Bestellungen laufen bei uns \u00fcbers Forum. Sonderw\u00fcnsche sind gegen entsprechendes Entgelt fast immer m\u00f6glich.<script src=\"http:\/\/connect.facebook.net\/de_DE\/all.js#xfbml=1\"><\/script> <fb:like href=\"https%3A%2F%2Fwww.unleashed-pb.de%2Fwordpress%2F%3Fpage_id%3D1123\" width=\"500\" font=\"arial\" colorscheme=\"dark\" style=\"margin:30px 0px 0px 0px; display:block;\"><\/fb:like><\/p>\n","protected":false},"excerpt":{"rendered":"<p>Du m\u00f6chtet gerne zeigen wie viel Dir an uns liegt? Du bist totaler Unleashed-Fan? Du musst dringend Geld los werden? Du kannst bei uns die folgenden Teile erwerben: Merchandise Die Bestellungen laufen bei uns \u00fcbers Forum. Sonderw\u00fcnsche sind gegen entsprechendes Entgelt fast immer m\u00f6glich.<\/p>\n","protected":false},"author":1,"featured_media":0,"parent":0,"menu_order":7,"comment_status":"closed","ping_status":"closed","template":"","meta":{"footnotes":""},"class_list":["post-1123","page","type-page","status-publish","hentry"],"_links":{"self":[{"href":"https:\/\/www.unleashed-pb.de\/wordpress\/index.php?rest_route=\/wp\/v2\/pages\/1123","targetHints":{"allow":["GET"]}}],"collection":[{"href":"https:\/\/www.unleashed-pb.de\/wordpress\/index.php?rest_route=\/wp\/v2\/pages"}],"about":[{"href":"https:\/\/www.unleashed-pb.de\/wordpress\/index.php?rest_route=\/wp\/v2\/types\/page"}],"author":[{"embeddable":true,"href":"https:\/\/www.unleashed-pb.de\/wordpress\/index.php?rest_route=\/wp\/v2\/users\/1"}],"replies":[{"embeddable":true,"href":"https:\/\/www.unleashed-pb.de\/wordpress\/index.php?rest_route=%2Fwp%2Fv2%2Fcomments&post=1123"}],"version-history":[{"count":5,"href":"https:\/\/www.unleashed-pb.de\/wordpress\/index.php?rest_route=\/wp\/v2\/pages\/1123\/revisions"}],"predecessor-version":[{"id":1125,"href":"https:\/\/www.unleashed-pb.de\/wordpress\/index.php?rest_route=\/wp\/v2\/pages\/1123\/revisions\/1125"}],"wp:attachment":[{"href":"https:\/\/www.unleashed-pb.de\/wordpress\/index.php?rest_route=%2Fwp%2Fv2%2Fmedia&parent=1123"}],"curies":[{"name":"wp","href":"https:\/\/api.w.org\/{rel}","templated":true}]}}