{"id":1121,"date":"2011-01-29T10:59:42","date_gmt":"2011-01-29T10:59:42","guid":{"rendered":"http:\/\/localhost\/unleashed\/?page_id=1121"},"modified":"2013-02-14T09:21:41","modified_gmt":"2013-02-14T09:21:41","slug":"sponsoren","status":"publish","type":"page","link":"https:\/\/www.unleashed-pb.de\/wordpress\/?page_id=1121","title":{"rendered":"Sponsoren"},"content":{"rendered":"<p>In der Saison 2012 werden wir unterst\u00fctzt von den folgenden Partnern:<\/p>\n<p><a href=\"http:\/\/www.paint-xtreme.com\"><img loading=\"lazy\" decoding=\"async\" class=\"alignnone size-medium wp-image-1260\" title=\"PX\" src=\"https:\/\/www.unleashed-pb.de\/wordpress\/wp-content\/uploads\/2011\/01\/PX-300x150.png\" alt=\"\" width=\"300\" height=\"150\" srcset=\"https:\/\/www.unleashed-pb.de\/wordpress\/wp-content\/uploads\/2011\/01\/PX-300x150.png 300w, https:\/\/www.unleashed-pb.de\/wordpress\/wp-content\/uploads\/2011\/01\/PX.png 644w\" sizes=\"auto, (max-width: 300px) 100vw, 300px\" \/><\/a><br \/>\nDer Paintballshop von Lars Herzig, hier wird alles auf Herz und Nieren gepr\u00fcft bevor es in den Verkauf geht. Hier k\u00f6nnt ihr wirklich bedenkenlos einkaufen zu absolut unglaublich g\u00fcnstigen Preisen<\/p>\n<p><a href=\"http:\/\/www.laysick.com\"><img loading=\"lazy\" decoding=\"async\" class=\"alignnone size-medium wp-image-1266\" title=\"laysick\" src=\"https:\/\/www.unleashed-pb.de\/wordpress\/wp-content\/uploads\/2011\/01\/laysick-300x128.jpg\" alt=\"\" width=\"300\" height=\"128\" srcset=\"https:\/\/www.unleashed-pb.de\/wordpress\/wp-content\/uploads\/2011\/01\/laysick-300x128.jpg 300w, https:\/\/www.unleashed-pb.de\/wordpress\/wp-content\/uploads\/2011\/01\/laysick.jpg 700w\" sizes=\"auto, (max-width: 300px) 100vw, 300px\" \/><\/a><\/p>\n<p><a href=\"http:\/\/www.paint-xtreme.com\"><img loading=\"lazy\" decoding=\"async\" class=\"alignnone size-full wp-image-1262\" title=\"virtue\" src=\"https:\/\/www.unleashed-pb.de\/wordpress\/wp-content\/uploads\/2011\/01\/virtue.png\" alt=\"\" width=\"250\" height=\"101\" \/><\/a><\/p>\n<p><img loading=\"lazy\" decoding=\"async\" class=\"alignnone size-full wp-image-1261\" title=\"spine\" src=\"https:\/\/www.unleashed-pb.de\/wordpress\/wp-content\/uploads\/2011\/01\/spine.png\" alt=\"\" width=\"200\" height=\"62\" srcset=\"https:\/\/www.unleashed-pb.de\/wordpress\/wp-content\/uploads\/2011\/01\/spine.png 200w, https:\/\/www.unleashed-pb.de\/wordpress\/wp-content\/uploads\/2011\/01\/spine-196x62.png 196w\" sizes=\"auto, (max-width: 200px) 100vw, 200px\" \/><\/p>\n<p><a href=\"http:\/\/www.globesouldiers.com\"><img decoding=\"async\" class=\"alignnone size-full wp-image-1259\" title=\"globesouldiers\" src=\"https:\/\/www.unleashed-pb.de\/wordpress\/wp-content\/uploads\/2011\/01\/globesouldiers.png\" alt=\"\" width=\"200\" \/><\/a><\/p>\n<p><a href=\"http:\/\/www.aggpb.de\"><img loading=\"lazy\" decoding=\"async\" class=\"alignnone size-full wp-image-1265\" title=\"agg\" src=\"https:\/\/www.unleashed-pb.de\/wordpress\/wp-content\/uploads\/2011\/01\/agg.png\" alt=\"\" width=\"200\" height=\"197\" \/><\/a><\/p>\n<p><script src=\"http:\/\/connect.facebook.net\/de_DE\/all.js#xfbml=1\"><\/script> <fb:like href=\"https%3A%2F%2Fwww.unleashed-pb.de%2Fwordpress%2F%3Fpage_id%3D1121\" width=\"500\" font=\"arial\" colorscheme=\"dark\" style=\"margin:30px 0px 0px 0px; display:block;\"><\/fb:like><\/p>\n","protected":false},"excerpt":{"rendered":"<p>In der Saison 2012 werden wir unterst\u00fctzt von den folgenden Partnern: Der Paintballshop von Lars Herzig, hier wird alles auf Herz und Nieren gepr\u00fcft bevor es in den Verkauf geht. Hier k\u00f6nnt ihr wirklich bedenkenlos einkaufen zu absolut unglaublich g\u00fcnstigen Preisen<\/p>\n","protected":false},"author":1,"featured_media":0,"parent":0,"menu_order":6,"comment_status":"closed","ping_status":"closed","template":"","meta":{"footnotes":""},"class_list":["post-1121","page","type-page","status-publish","hentry"],"_links":{"self":[{"href":"https:\/\/www.unleashed-pb.de\/wordpress\/index.php?rest_route=\/wp\/v2\/pages\/1121","targetHints":{"allow":["GET"]}}],"collection":[{"href":"https:\/\/www.unleashed-pb.de\/wordpress\/index.php?rest_route=\/wp\/v2\/pages"}],"about":[{"href":"https:\/\/www.unleashed-pb.de\/wordpress\/index.php?rest_route=\/wp\/v2\/types\/page"}],"author":[{"embeddable":true,"href":"https:\/\/www.unleashed-pb.de\/wordpress\/index.php?rest_route=\/wp\/v2\/users\/1"}],"replies":[{"embeddable":true,"href":"https:\/\/www.unleashed-pb.de\/wordpress\/index.php?rest_route=%2Fwp%2Fv2%2Fcomments&post=1121"}],"version-history":[{"count":11,"href":"https:\/\/www.unleashed-pb.de\/wordpress\/index.php?rest_route=\/wp\/v2\/pages\/1121\/revisions"}],"predecessor-version":[{"id":1671,"href":"https:\/\/www.unleashed-pb.de\/wordpress\/index.php?rest_route=\/wp\/v2\/pages\/1121\/revisions\/1671"}],"wp:attachment":[{"href":"https:\/\/www.unleashed-pb.de\/wordpress\/index.php?rest_route=%2Fwp%2Fv2%2Fmedia&parent=1121"}],"curies":[{"name":"wp","href":"https:\/\/api.w.org\/{rel}","templated":true}]}}