{"id":1114,"date":"2011-01-29T10:54:13","date_gmt":"2011-01-29T10:54:13","guid":{"rendered":"http:\/\/localhost\/unleashed\/?page_id=1114"},"modified":"2015-04-20T11:27:24","modified_gmt":"2015-04-20T11:27:24","slug":"team","status":"publish","type":"page","link":"https:\/\/www.unleashed-pb.de\/wordpress\/?page_id=1114","title":{"rendered":"Team"},"content":{"rendered":"<p>Im Team Bereich stellen wir unsere einzelnen Kader vor.<\/p>\n<p>In der Saison 2014 stellen wir in den folgenden Ligen ein Leistungskader:<\/p>\n<p><a title=\"DPL 3. Bundesliga\" href=\"https:\/\/www.unleashed-pb.de\/wordpress\/?page_id=1546\">DPL 3. Bundesliga<\/a><br \/>\n<a title=\"DPL Regio\" href=\"https:\/\/www.unleashed-pb.de\/wordpress\/?page_id=1525\">DPL Regionalliga S\u00fcd<\/a><\/p>\n<p>Dar\u00fcber hinaus sind wir zur Nachwuchsf\u00f6rderung und als Ausgleich mit gemischten Teams in folgenden Ligen vertreten:<\/p>\n<p>VPV Liga Divison 2<br \/>\nX-Series X5 Amateur<br \/>\nX-Series X5 Challenger<script src=\"http:\/\/connect.facebook.net\/de_DE\/all.js#xfbml=1\"><\/script> <fb:like href=\"https%3A%2F%2Fwww.unleashed-pb.de%2Fwordpress%2F%3Fpage_id%3D1114\" width=\"500\" font=\"arial\" colorscheme=\"dark\" style=\"margin:30px 0px 0px 0px; display:block;\"><\/fb:like><\/p>\n","protected":false},"excerpt":{"rendered":"<p>Im Team Bereich stellen wir unsere einzelnen Kader vor. In der Saison 2014 stellen wir in den folgenden Ligen ein Leistungskader: DPL 3. Bundesliga DPL Regionalliga S\u00fcd Dar\u00fcber hinaus sind wir zur Nachwuchsf\u00f6rderung und als Ausgleich mit gemischten Teams in folgenden Ligen vertreten: VPV Liga Divison 2 X-Series X5 Amateur X-Series X5 Challenger<\/p>\n","protected":false},"author":1,"featured_media":0,"parent":0,"menu_order":1,"comment_status":"closed","ping_status":"closed","template":"","meta":{"footnotes":""},"class_list":["post-1114","page","type-page","status-publish","hentry"],"_links":{"self":[{"href":"https:\/\/www.unleashed-pb.de\/wordpress\/index.php?rest_route=\/wp\/v2\/pages\/1114","targetHints":{"allow":["GET"]}}],"collection":[{"href":"https:\/\/www.unleashed-pb.de\/wordpress\/index.php?rest_route=\/wp\/v2\/pages"}],"about":[{"href":"https:\/\/www.unleashed-pb.de\/wordpress\/index.php?rest_route=\/wp\/v2\/types\/page"}],"author":[{"embeddable":true,"href":"https:\/\/www.unleashed-pb.de\/wordpress\/index.php?rest_route=\/wp\/v2\/users\/1"}],"replies":[{"embeddable":true,"href":"https:\/\/www.unleashed-pb.de\/wordpress\/index.php?rest_route=%2Fwp%2Fv2%2Fcomments&post=1114"}],"version-history":[{"count":46,"href":"https:\/\/www.unleashed-pb.de\/wordpress\/index.php?rest_route=\/wp\/v2\/pages\/1114\/revisions"}],"predecessor-version":[{"id":1851,"href":"https:\/\/www.unleashed-pb.de\/wordpress\/index.php?rest_route=\/wp\/v2\/pages\/1114\/revisions\/1851"}],"wp:attachment":[{"href":"https:\/\/www.unleashed-pb.de\/wordpress\/index.php?rest_route=%2Fwp%2Fv2%2Fmedia&parent=1114"}],"curies":[{"name":"wp","href":"https:\/\/api.w.org\/{rel}","templated":true}]}}